{"id":2,"date":"2020-03-31T23:42:55","date_gmt":"2020-03-31T23:42:55","guid":{"rendered":"https:\/\/misalta.com.ar\/mis\/?page_id=2"},"modified":"2020-04-01T00:32:55","modified_gmt":"2020-04-01T00:32:55","slug":"inicio","status":"publish","type":"page","link":"https:\/\/misalta.com.ar\/mis\/","title":{"rendered":"Inicio"},"content":{"rendered":"\n<p>Portal inmobiliario de Salta al mundo&#8230; <\/p>\n\n\n\n<p>Construyendo d\u00eda a d\u00eda un mercado inmobiliario m\u00e1s amigable.<\/p>\n\n\n\n<div class=\"wp-block-group\"><div class=\"wp-block-group__inner-container is-layout-flow wp-block-group-is-layout-flow\">\n<blockquote class=\"wp-block-quote is-layout-flow wp-block-quote-is-layout-flow\"><p><em><strong>Tratamos de que la oferta y la demanda se encuentren en nuestro portal y grupo de facebook. <\/strong><\/em><\/p><\/blockquote>\n<\/div><\/div>\n\n\n\n<p>Podes subir tus avisos sin costo alguno, s\u00f3lo tendr\u00e1n un arancel los avisos destacados.<\/p>\n\n\n\n<p>\u00danete al grupo de Face: <strong> <a rel=\"noreferrer noopener\" href=\"http:\/\/www.facebook.com\/groups\/misalta\" target=\"_blank\">www.facebook.com\/groups\/misalta<\/a><\/strong><\/p>\n","protected":false},"excerpt":{"rendered":"<p>Portal inmobiliario de Salta al mundo&#8230; Construyendo d\u00eda a d\u00eda un mercado inmobiliario m\u00e1s amigable. Tratamos de que la oferta y la demanda se encuentren en nuestro portal y grupo de facebook. Podes subir tus avisos sin costo alguno, s\u00f3lo tendr\u00e1n un arancel los avisos destacados. \u00danete al grupo de Face: www.facebook.com\/groups\/misalta<\/p>\n","protected":false},"author":1,"featured_media":0,"parent":0,"menu_order":0,"comment_status":"closed","ping_status":"closed","template":"","meta":{"footnotes":""},"class_list":["post-2","page","type-page","status-publish","hentry"],"_links":{"self":[{"href":"https:\/\/misalta.com.ar\/mis\/wp-json\/wp\/v2\/pages\/2","targetHints":{"allow":["GET"]}}],"collection":[{"href":"https:\/\/misalta.com.ar\/mis\/wp-json\/wp\/v2\/pages"}],"about":[{"href":"https:\/\/misalta.com.ar\/mis\/wp-json\/wp\/v2\/types\/page"}],"author":[{"embeddable":true,"href":"https:\/\/misalta.com.ar\/mis\/wp-json\/wp\/v2\/users\/1"}],"replies":[{"embeddable":true,"href":"https:\/\/misalta.com.ar\/mis\/wp-json\/wp\/v2\/comments?post=2"}],"version-history":[{"count":7,"href":"https:\/\/misalta.com.ar\/mis\/wp-json\/wp\/v2\/pages\/2\/revisions"}],"predecessor-version":[{"id":24,"href":"https:\/\/misalta.com.ar\/mis\/wp-json\/wp\/v2\/pages\/2\/revisions\/24"}],"wp:attachment":[{"href":"https:\/\/misalta.com.ar\/mis\/wp-json\/wp\/v2\/media?parent=2"}],"curies":[{"name":"wp","href":"https:\/\/api.w.org\/{rel}","templated":true}]}}